{"id":462,"date":"2025-06-25T10:59:09","date_gmt":"2025-06-25T07:59:09","guid":{"rendered":"https:\/\/accesformare.com\/?page_id=462"},"modified":"2025-06-27T14:24:23","modified_gmt":"2025-06-27T11:24:23","slug":"anunturi","status":"publish","type":"page","link":"https:\/\/initiatinstruit.com\/?page_id=462","title":{"rendered":"Anun\u021buri"},"content":{"rendered":"<section class=\"l-section wpb_row us_custom_278d8c57 height_large\"><div class=\"l-section-h i-cf\"><div class=\"g-cols vc_row via_grid cols_1 laptops-cols_inherit tablets-cols_inherit mobiles-cols_1 valign_top type_default stacking_default\"><div class=\"wpb_column vc_column_container\"><div class=\"vc_column-inner\"><div class=\"w-separator size_large\"><\/div><div class=\"g-cols wpb_row via_grid cols_1-2 laptops-cols_1 tablets-cols_inherit mobiles-cols_1 valign_top type_default stacking_default\" style=\"--columns-gap:2.6rem;\"><div class=\"wpb_column vc_column_container us_custom_eef79b84 has_bg_color type_sticky\"><div class=\"vc_column-inner\"><h3 class=\"w-text us_custom_a598d4c9 has_text_color\"><span class=\"w-text-h\"><span class=\"w-text-value\">Anun\u021buri<\/span><\/span><\/h3><\/div><\/div><div class=\"wpb_column vc_column_container\"><div class=\"vc_column-inner\"><div class=\"w-grid type_masonry layout_blog_11 cols_2 with_isotope\" id=\"us_grid_1\" style=\"--columns:2;--gap:1.5rem;\" data-filterable=\"true\"><style>@media (max-width:600px){#us_grid_1{--columns:1!important}}.layout_blog_11 .w-grid-item-h{}.layout_blog_11 .usg_post_title_1{font-size:1.4rem!important;font-weight:700!important;margin-bottom:0.5rem!important}.layout_blog_11 .usg_hwrapper_1{color:var(--color-content-faded)!important;font-size:0.9rem!important}.layout_blog_11 .usg_post_taxonomy_1{font-weight:700!important;text-transform:uppercase!important}.layout_blog_11 .usg_post_image_1{margin-top:0.7rem!important}.layout_blog_11 .usg_post_content_1{max-width:600px!important;margin-top:0.8rem!important}@media (max-width:600px){.layout_blog_11 .usg_post_title_1{font-size:1.2rem!important}}<\/style><div class=\"w-grid-list\">\t<article class=\"w-grid-item size_1x1 post-502 post type-post status-publish format-standard hentry category-anunturi\" data-id=\"502\">\r\n\t\t<div class=\"w-grid-item-h\">\r\n\t\t\t\t\t\t<h2 class=\"w-post-elm post_title usg_post_title_1 entry-title color_link_inherit\"><a href=\"https:\/\/initiatinstruit.com\/?p=502\">Comunicat de presa &#8211; Lansare proiect INITIAT<\/a><\/h2><div class=\"w-hwrapper usg_hwrapper_1 has_text_color align_none valign_top wrap\"><div class=\"w-post-elm post_taxonomy usg_post_taxonomy_1 style_simple\"><a class=\"term-2 term-anunturi\" href=\"https:\/\/initiatinstruit.com\/?cat=2\">Anun\u021buri<\/a><\/div><time class=\"w-post-elm post_date usg_post_date_1 entry-date published\" datetime=\"2025-07-04T10:07:00+03:00\" title=\"4 July 2025 at 10:07:00 Europe\/Bucharest\">10 months ago<\/time><\/div><div class=\"w-post-elm post_content usg_post_content_1\">Centrul de Consultan\u0163\u0103 \u015fi Studii Europene SRL anun\u0163\u0103 lansarea proiectului \u201e INITIAT &#8211; Instruirea persoanelor cu nivel scazut de formare prin pachete de baza personalizate&#8221; Cod SMIS -336074 ce se&hellip;<\/div>\t\t<\/div>\r\n\t\t\t<\/article>\r\n\t<article class=\"w-grid-item size_1x1 post-465 post type-post status-publish format-standard hentry category-anunturi\" data-id=\"465\">\r\n\t\t<div class=\"w-grid-item-h\">\r\n\t\t\t\t\t\t<h2 class=\"w-post-elm post_title usg_post_title_1 entry-title color_link_inherit\"><a href=\"https:\/\/initiatinstruit.com\/?p=465\">Centrul de Consultan\u021b\u0103 \u0219i Studii Europene Gala\u021bi lanseaz\u0103 proiectul ACCES (2025 &#8211; 2027)<\/a><\/h2><div class=\"w-hwrapper usg_hwrapper_1 has_text_color align_none valign_top wrap\"><div class=\"w-post-elm post_taxonomy usg_post_taxonomy_1 style_simple\"><a class=\"term-2 term-anunturi\" href=\"https:\/\/initiatinstruit.com\/?cat=2\">Anun\u021buri<\/a><\/div><time class=\"w-post-elm post_date usg_post_date_1 entry-date published\" datetime=\"2025-06-25T11:12:05+03:00\" title=\"25 June 2025 at 11:12:05 Europe\/Bucharest\">10 months ago<\/time><\/div><div class=\"w-post-elm post_content usg_post_content_1\">Centrul de Consultan\u021b\u0103 \u0219i Studii Europene Gala\u021bi S.R.L. anun\u021b\u0103 demararea proiectului ACCES, implementat \u00eentre 1 iulie 2025 \u2013 30 iunie 2027 \u015fi adresat persoanelor cu v\u00e2rste cuprinse \u00eentre 18 \u015fi&hellip;<\/div>\t\t<\/div>\r\n\t\t\t<\/article>\r\n<\/div><div class=\"w-grid-preloader\">\t<div class=\"g-preloader type_1\">\r\n\t\t<div><\/div>\r\n\t<\/div>\r\n\t<\/div>\t<div class=\"w-grid-json hidden\" onclick='return {&quot;action&quot;:&quot;us_ajax_grid&quot;,&quot;infinite_scroll&quot;:0,&quot;max_num_pages&quot;:1,&quot;pagination&quot;:&quot;none&quot;,&quot;template_vars&quot;:{&quot;columns&quot;:&quot;2&quot;,&quot;exclude_items&quot;:&quot;none&quot;,&quot;img_size&quot;:&quot;default&quot;,&quot;ignore_items_size&quot;:0,&quot;items_layout&quot;:&quot;blog_11&quot;,&quot;items_offset&quot;:&quot;1&quot;,&quot;load_animation&quot;:&quot;none&quot;,&quot;overriding_link&quot;:&quot;%7B%22url%22%3A%22%22%7D&quot;,&quot;post_id&quot;:0,&quot;query_args&quot;:{&quot;post_type&quot;:[&quot;post&quot;],&quot;tax_query&quot;:[{&quot;taxonomy&quot;:&quot;category&quot;,&quot;field&quot;:&quot;slug&quot;,&quot;terms&quot;:[&quot;anunturi&quot;]}],&quot;post_status&quot;:[&quot;publish&quot;],&quot;posts_per_page&quot;:&quot;10&quot;},&quot;orderby_query_args&quot;:{&quot;orderby&quot;:{&quot;date&quot;:&quot;DESC&quot;}},&quot;type&quot;:&quot;masonry&quot;,&quot;us_grid_post_type&quot;:&quot;post&quot;,&quot;us_grid_ajax_index&quot;:1,&quot;us_grid_filter_query_string&quot;:null,&quot;us_grid_index&quot;:1,&quot;page_args&quot;:[]}}'><\/div>\r\n\t<\/div><\/div><\/div><\/div><div class=\"w-separator size_huge\"><\/div><\/div><\/div><\/div><\/div><\/section>\n","protected":false},"excerpt":{"rendered":"Centrul de Consultan\u021b\u0103 \u0219i Studii Europene Gala\u021bi S.R.L. anun\u021b\u0103 demararea proiectului ACCES, implementat \u00eentre 1 iulie 2025 \u2013 30 iunie 2027 \u015fi adresat persoanelor cu v\u00e2rste cuprinse \u00eentre 18 \u015fi 64 de ani, cu nivel sc\u0103zut sau f\u0103r\u0103 calificare, din regiunile Sud-Est, Nord-Est, Nord\u2011Vest \u015fi Sud\u2011Muntenia. Proiectul ACCES vizeaz\u0103 cre\u0219terea particip\u0103rii a 308 beneficiari la...","protected":false},"author":1,"featured_media":0,"parent":0,"menu_order":0,"comment_status":"closed","ping_status":"closed","template":"","meta":{"footnotes":""},"class_list":["post-462","page","type-page","status-publish","hentry"],"_links":{"self":[{"href":"https:\/\/initiatinstruit.com\/index.php?rest_route=\/wp\/v2\/pages\/462","targetHints":{"allow":["GET"]}}],"collection":[{"href":"https:\/\/initiatinstruit.com\/index.php?rest_route=\/wp\/v2\/pages"}],"about":[{"href":"https:\/\/initiatinstruit.com\/index.php?rest_route=\/wp\/v2\/types\/page"}],"author":[{"embeddable":true,"href":"https:\/\/initiatinstruit.com\/index.php?rest_route=\/wp\/v2\/users\/1"}],"replies":[{"embeddable":true,"href":"https:\/\/initiatinstruit.com\/index.php?rest_route=%2Fwp%2Fv2%2Fcomments&post=462"}],"version-history":[{"count":4,"href":"https:\/\/initiatinstruit.com\/index.php?rest_route=\/wp\/v2\/pages\/462\/revisions"}],"predecessor-version":[{"id":501,"href":"https:\/\/initiatinstruit.com\/index.php?rest_route=\/wp\/v2\/pages\/462\/revisions\/501"}],"wp:attachment":[{"href":"https:\/\/initiatinstruit.com\/index.php?rest_route=%2Fwp%2Fv2%2Fmedia&parent=462"}],"curies":[{"name":"wp","href":"https:\/\/api.w.org\/{rel}","templated":true}]}}